{"id":3687,"date":"2025-12-18T12:08:08","date_gmt":"2025-12-18T12:08:08","guid":{"rendered":"https:\/\/airocollect.com\/?page_id=3687"},"modified":"2026-01-27T12:42:10","modified_gmt":"2026-01-27T12:42:10","slug":"elementor-3535","status":"publish","type":"page","link":"https:\/\/airocollect.com\/de\/elementor-3535\/","title":{"rendered":"Elementor #3535"},"content":{"rendered":"\t\t<div data-elementor-type=\"wp-page\" data-elementor-id=\"3687\" class=\"elementor elementor-3687 elementor-3535\" data-elementor-post-type=\"page\">\n\t\t\t\t<div class=\"elementor-element elementor-element-56beb15 e-flex e-con-boxed e-con e-parent\" data-id=\"56beb15\" data-element_type=\"container\">\n\t\t\t\t\t<div class=\"e-con-inner\">\n\t\t<div class=\"elementor-element elementor-element-ade4686 e-con-full e-flex e-con e-child\" data-id=\"ade4686\" data-element_type=\"container\" data-settings=\"{&quot;background_background&quot;:&quot;classic&quot;}\">\n\t\t<div class=\"elementor-element elementor-element-857043c e-con-full e-flex e-con e-child\" data-id=\"857043c\" data-element_type=\"container\">\n\t\t<div class=\"elementor-element elementor-element-fba24ba e-con-full e-flex e-con e-child\" data-id=\"fba24ba\" data-element_type=\"container\">\n\t\t\t\t<div class=\"elementor-element elementor-element-45e9887 infinite-fly elementor-widget elementor-widget-image\" data-id=\"45e9887\" data-element_type=\"widget\" data-widget_type=\"image.default\">\n\t\t\t\t\t\t\t\t\t\t\t\t\t\t\t<img decoding=\"async\" width=\"12\" height=\"12\" src=\"https:\/\/airocollect.com\/wp-content\/uploads\/2025\/11\/Star-1.svg\" class=\"attachment-large size-large wp-image-3276\" alt=\"\" \/>\t\t\t\t\t\t\t\t\t\t\t\t\t\t\t<\/div>\n\t\t\t\t<div class=\"elementor-element elementor-element-4cfc9fe elementor-widget elementor-widget-heading\" data-id=\"4cfc9fe\" data-element_type=\"widget\" data-widget_type=\"heading.default\">\n\t\t\t\t\t<p class=\"elementor-heading-title elementor-size-default\">Preise<\/p>\t\t\t\t<\/div>\n\t\t\t\t<div class=\"elementor-element elementor-element-0021fe1 infinite-fly elementor-widget elementor-widget-image\" data-id=\"0021fe1\" data-element_type=\"widget\" data-widget_type=\"image.default\">\n\t\t\t\t\t\t\t\t\t\t\t\t\t\t\t<img decoding=\"async\" width=\"12\" height=\"12\" src=\"https:\/\/airocollect.com\/wp-content\/uploads\/2025\/11\/Star-1.svg\" class=\"attachment-large size-large wp-image-3276\" alt=\"\" \/>\t\t\t\t\t\t\t\t\t\t\t\t\t\t\t<\/div>\n\t\t\t\t<\/div>\n\t\t\t\t<div class=\"elementor-element elementor-element-5823f02 elementor-widget elementor-widget-heading\" data-id=\"5823f02\" data-element_type=\"widget\" data-widget_type=\"heading.default\">\n\t\t\t\t\t<h2 class=\"elementor-heading-title elementor-size-default\">Ein Abonnement f\u00fcr jedes Team<\/h2>\t\t\t\t<\/div>\n\t\t\t\t<\/div>\n\t\t<div class=\"elementor-element elementor-element-893b0da e-con-full e-flex e-con e-child\" data-id=\"893b0da\" data-element_type=\"container\">\n\t\t\t\t<div class=\"elementor-element elementor-element-37c125c elementor-mobile-align-justify elementor-widget-mobile__width-initial elementor-widget elementor-widget-button\" data-id=\"37c125c\" data-element_type=\"widget\" data-widget_type=\"button.default\">\n\t\t\t\t\t\t\t\t\t\t<a class=\"elementor-button elementor-button-link elementor-size-sm\" href=\"https:\/\/airocollect.com\/de\/kostenlose-testphase-starten\/\">\n\t\t\t\t\t\t<span class=\"elementor-button-content-wrapper\">\n\t\t\t\t\t\t<span class=\"elementor-button-icon\">\n\t\t\t\t<svg xmlns=\"http:\/\/www.w3.org\/2000\/svg\" width=\"15\" height=\"13\" viewBox=\"0 0 15 13\" fill=\"none\"><path d=\"M14.8623 6.49512L8.36719 12.9902L8.29688 12.9189L7.58984 12.2119L7.51855 12.1416L7.58984 12.0713L9.31738 10.3438C10.515 9.14618 9.66529 7.09795 7.97168 7.09961L0 7.10742V5.9082L0.0996094 5.90723L7.98535 5.89941C9.67689 5.89742 10.5224 3.85245 9.32617 2.65625L7.58984 0.918945L7.51855 0.848633L7.58984 0.77832L8.29688 0.0712891L8.36719 0L14.8623 6.49512Z\" fill=\"white\"><\/path><\/svg>\t\t\t<\/span>\n\t\t\t\t\t\t\t\t\t<span class=\"elementor-button-text\">Kostenlose Testphase starten<\/span>\n\t\t\t\t\t<\/span>\n\t\t\t\t\t<\/a>\n\t\t\t\t\t\t\t\t<\/div>\n\t\t\t\t<\/div>\n\t\t\t\t<\/div>\n\t\t\t\t\t<\/div>\n\t\t\t\t<\/div>\n\t\t<div class=\"elementor-element elementor-element-99b1f6b e-flex e-con-boxed e-con e-parent\" data-id=\"99b1f6b\" data-element_type=\"container\">\n\t\t\t\t\t<div class=\"e-con-inner\">\n\t\t\t\t<div class=\"elementor-element elementor-element-1fc3e96 e-n-tabs-mobile elementor-widget elementor-widget-n-tabs\" data-id=\"1fc3e96\" data-element_type=\"widget\" data-settings=\"{&quot;horizontal_scroll&quot;:&quot;disable&quot;}\" data-widget_type=\"nested-tabs.default\">\n\t\t\t\t\t\t\t<div class=\"e-n-tabs\" data-widget-number=\"33308310\" aria-label=\"Tabs. Open items with Enter or Space, close with Escape and navigate using the Arrow keys.\">\n\t\t\t<div class=\"e-n-tabs-heading\" role=\"tablist\">\n\t\t\t\t\t<button id=\"e-n-tab-title-333083101\" data-tab-title-id=\"e-n-tab-title-333083101\" class=\"e-n-tab-title\" aria-selected=\"true\" data-tab-index=\"1\" role=\"tab\" tabindex=\"0\" aria-controls=\"e-n-tab-content-333083101\" style=\"--n-tabs-title-order: 1;\">\n\t\t\t\t\t\t<span class=\"e-n-tab-title-text\">\n\t\t\t\tMonatlich\t\t\t<\/span>\n\t\t<\/button>\n\t\t\t\t<button id=\"e-n-tab-title-333083102\" data-tab-title-id=\"e-n-tab-title-333083102\" class=\"e-n-tab-title\" aria-selected=\"false\" data-tab-index=\"2\" role=\"tab\" tabindex=\"-1\" aria-controls=\"e-n-tab-content-333083102\" style=\"--n-tabs-title-order: 2;\">\n\t\t\t\t\t\t<span class=\"e-n-tab-title-text\">\n\t\t\t\tJ\u00e4hrlich\t\t\t<\/span>\n\t\t<\/button>\n\t\t\t\t\t<\/div>\n\t\t\t<div class=\"e-n-tabs-content\">\n\t\t\t\t<div id=\"e-n-tab-content-333083101\" role=\"tabpanel\" aria-labelledby=\"e-n-tab-title-333083101\" data-tab-index=\"1\" style=\"--n-tabs-title-order: 1;\" class=\"e-active elementor-element elementor-element-a4f5324 e-con-full e-flex e-con e-child\" data-id=\"a4f5324\" data-element_type=\"container\">\n\t\t<div class=\"elementor-element elementor-element-1c4f8b8 e-con-full e-flex e-con e-child\" data-id=\"1c4f8b8\" data-element_type=\"container\">\n\t\t<div class=\"elementor-element elementor-element-7d31a88 e-con-full e-flex e-con e-child\" data-id=\"7d31a88\" data-element_type=\"container\">\n\t\t<div class=\"elementor-element elementor-element-f2acbb5 e-con-full e-flex e-con e-child\" data-id=\"f2acbb5\" data-element_type=\"container\" data-settings=\"{&quot;background_background&quot;:&quot;classic&quot;}\">\n\t\t<div class=\"elementor-element elementor-element-ff35f00 e-con-full e-flex e-con e-child\" data-id=\"ff35f00\" data-element_type=\"container\">\n\t\t\t\t<div class=\"elementor-element elementor-element-23c3019 elementor-widget elementor-widget-heading\" data-id=\"23c3019\" data-element_type=\"widget\" data-widget_type=\"heading.default\">\n\t\t\t\t\t<p class=\"elementor-heading-title elementor-size-default\">f\u00fcr Einzelpersonen zum Einstieg<\/p>\t\t\t\t<\/div>\n\t\t\t\t<div class=\"elementor-element elementor-element-cbff442 elementor-widget elementor-widget-heading\" data-id=\"cbff442\" data-element_type=\"widget\" data-widget_type=\"heading.default\">\n\t\t\t\t\t<p class=\"elementor-heading-title elementor-size-default\">Klein<\/p>\t\t\t\t<\/div>\n\t\t\t\t<div class=\"elementor-element elementor-element-f2a8443 elementor-widget elementor-widget-text-editor\" data-id=\"f2a8443\" data-element_type=\"widget\" data-widget_type=\"text-editor.default\">\n\t\t\t\t\t\t\t\t\t<h1><strong>\u20ac79.99<\/strong><\/h1>\t\t\t\t\t\t\t\t<\/div>\n\t\t\t\t<div class=\"elementor-element elementor-element-11973db elementor-align-center elementor-widget__width-inherit elementor-widget elementor-widget-button\" data-id=\"11973db\" data-element_type=\"widget\" data-widget_type=\"button.default\">\n\t\t\t\t\t\t\t\t\t\t<a class=\"elementor-button elementor-button-link elementor-size-sm\" href=\"#\">\n\t\t\t\t\t\t<span class=\"elementor-button-content-wrapper\">\n\t\t\t\t\t\t\t\t\t<span class=\"elementor-button-text\">Klicken Sie hier<\/span>\n\t\t\t\t\t<\/span>\n\t\t\t\t\t<\/a>\n\t\t\t\t\t\t\t\t<\/div>\n\t\t\t\t<div class=\"elementor-element elementor-element-2725830 elementor-widget elementor-widget-text-editor\" data-id=\"2725830\" data-element_type=\"widget\" data-widget_type=\"text-editor.default\">\n\t\t\t\t\t\t\t\t\t<p><strong>Der Jahresplan beinhaltet:<\/strong><\/p><p>\u2714 36 Airocoins<br>\u2714 Max. 12 Drohnen-Scans<br>\u2714 Max. 36 Geo-Scans  <\/p><p>\u2714 Angebotserstellung<br>\u2714 Messwertexporte<br>\u2714 Preismaterialvoreinstellungen<br>\u2714 Volle Softwarefunktionalit\u00e4t<br>\u2714 Bis zu 3 Benutzer<br>\u2714 Kompatibel mit jeder Drohne<br>\u2714 2 Jahre Speicherplatz<br>\u2714 E-Mail-Support<\/p>\t\t\t\t\t\t\t\t<\/div>\n\t\t\t\t<\/div>\n\t\t\t\t<\/div>\n\t\t<div class=\"elementor-element elementor-element-8d8a996 e-con-full e-flex e-con e-child\" data-id=\"8d8a996\" data-element_type=\"container\" data-settings=\"{&quot;background_background&quot;:&quot;classic&quot;}\">\n\t\t<div class=\"elementor-element elementor-element-6b26b30 e-con-full e-flex e-con e-child\" data-id=\"6b26b30\" data-element_type=\"container\">\n\t\t\t\t<div class=\"elementor-element elementor-element-2e4f618 elementor-widget elementor-widget-heading\" data-id=\"2e4f618\" data-element_type=\"widget\" data-widget_type=\"heading.default\">\n\t\t\t\t\t<p class=\"elementor-heading-title elementor-size-default\">f\u00fcr kleine Teams und Profis<\/p>\t\t\t\t<\/div>\n\t\t\t\t<div class=\"elementor-element elementor-element-3f7d0af elementor-widget elementor-widget-heading\" data-id=\"3f7d0af\" data-element_type=\"widget\" data-widget_type=\"heading.default\">\n\t\t\t\t\t<p class=\"elementor-heading-title elementor-size-default\">Medium<\/p>\t\t\t\t<\/div>\n\t\t\t\t<div class=\"elementor-element elementor-element-cf6c85b elementor-widget elementor-widget-text-editor\" data-id=\"cf6c85b\" data-element_type=\"widget\" data-widget_type=\"text-editor.default\">\n\t\t\t\t\t\t\t\t\t<p>W\u00e4hlen Sie das richtige Geb\u00e4ude aus der Satellitenansicht aus und zoomen Sie hinein.<\/p>\t\t\t\t\t\t\t\t<\/div>\n\t\t\t\t<\/div>\n\t\t\t\t<\/div>\n\t\t<div class=\"elementor-element elementor-element-2d27e7b e-con-full e-flex e-con e-child\" data-id=\"2d27e7b\" data-element_type=\"container\" data-settings=\"{&quot;background_background&quot;:&quot;classic&quot;}\">\n\t\t<div class=\"elementor-element elementor-element-58985e8 e-con-full e-flex e-con e-child\" data-id=\"58985e8\" data-element_type=\"container\">\n\t\t\t\t<div class=\"elementor-element elementor-element-a86f8f5 elementor-widget elementor-widget-heading\" data-id=\"a86f8f5\" data-element_type=\"widget\" data-widget_type=\"heading.default\">\n\t\t\t\t\t<p class=\"elementor-heading-title elementor-size-default\">f\u00fcr wachsende Unternehmen zur Rationalisierung der Arbeit<\/p>\t\t\t\t<\/div>\n\t\t\t\t<div class=\"elementor-element elementor-element-cf80e87 elementor-widget elementor-widget-heading\" data-id=\"cf80e87\" data-element_type=\"widget\" data-widget_type=\"heading.default\">\n\t\t\t\t\t<p class=\"elementor-heading-title elementor-size-default\">Gro\u00df<\/p>\t\t\t\t<\/div>\n\t\t\t\t<div class=\"elementor-element elementor-element-f1775d2 elementor-widget elementor-widget-text-editor\" data-id=\"f1775d2\" data-element_type=\"widget\" data-widget_type=\"text-editor.default\">\n\t\t\t\t\t\t\t\t\t<p>Scannen Sie das Layout und die Abmessungen des Daches mit automatisierter Geodatenanalyse.<\/p>\t\t\t\t\t\t\t\t<\/div>\n\t\t\t\t<\/div>\n\t\t\t\t<\/div>\n\t\t<div class=\"elementor-element elementor-element-76574c9 e-con-full e-flex e-con e-child\" data-id=\"76574c9\" data-element_type=\"container\" data-settings=\"{&quot;background_background&quot;:&quot;classic&quot;}\">\n\t\t<div class=\"elementor-element elementor-element-8608b34 e-con-full e-flex e-con e-child\" data-id=\"8608b34\" data-element_type=\"container\">\n\t\t\t\t<div class=\"elementor-element elementor-element-4978cc4 elementor-widget elementor-widget-heading\" data-id=\"4978cc4\" data-element_type=\"widget\" data-widget_type=\"heading.default\">\n\t\t\t\t\t<p class=\"elementor-heading-title elementor-size-default\">f\u00fcr Organisationen, die im AT-Bereich t\u00e4tig sind<\/p>\t\t\t\t<\/div>\n\t\t\t\t<div class=\"elementor-element elementor-element-ab6798c elementor-widget elementor-widget-heading\" data-id=\"ab6798c\" data-element_type=\"widget\" data-widget_type=\"heading.default\">\n\t\t\t\t\t<p class=\"elementor-heading-title elementor-size-default\">XL<\/p>\t\t\t\t<\/div>\n\t\t\t\t<div class=\"elementor-element elementor-element-b8da04b elementor-widget elementor-widget-text-editor\" data-id=\"b8da04b\" data-element_type=\"widget\" data-widget_type=\"text-editor.default\">\n\t\t\t\t\t\t\t\t\t<p>Erhalten Sie genaue Messungen und Fl\u00e4chendetails innerhalb von Sekunden.<\/p>\t\t\t\t\t\t\t\t<\/div>\n\t\t\t\t<\/div>\n\t\t\t\t<\/div>\n\t\t\t\t<\/div>\n\t\t\t\t<\/div>\n\t\t\t\t<\/div>\n\t\t<div id=\"e-n-tab-content-333083102\" role=\"tabpanel\" aria-labelledby=\"e-n-tab-title-333083102\" data-tab-index=\"2\" style=\"--n-tabs-title-order: 2;\" class=\" elementor-element elementor-element-5a2b51c e-con-full e-flex e-con e-child\" data-id=\"5a2b51c\" data-element_type=\"container\">\n\t\t\t\t<\/div>\n\t\t\t\t\t<\/div>\n\t\t<\/div>\n\t\t\t\t\t\t<\/div>\n\t\t\t\t\t<\/div>\n\t\t\t\t<\/div>\n\t\t<div class=\"elementor-element elementor-element-20011bf e-flex e-con-boxed e-con e-parent\" data-id=\"20011bf\" data-element_type=\"container\">\n\t\t\t\t\t<div class=\"e-con-inner\">\n\t\t\t\t\t<\/div>\n\t\t\t\t<\/div>\n\t\t\t\t<\/div>\n\t\t","protected":false},"excerpt":{"rendered":"<p>Preise Ein Abonnement f\u00fcr jedes Team Kostenlose Testphase starten Monatlich J\u00e4hrlich f\u00fcr Einzelpersonen zum Einstieg Klein \u20ac79.99 Klicken Sie hier Der Jahresplan beinhaltet: &#x2714; 36 Airocoins&#x2714; Max. 12 Drohnen-Scans&#x2714; Max. 36 Geo-Scans &#x2714; Angebotserstellung&#x2714; Messwertexporte&#x2714; Preismaterialvoreinstellungen&#x2714; Volle Softwarefunktionalit\u00e4t&#x2714; Bis zu 3 Benutzer&#x2714; Kompatibel mit jeder Drohne&#x2714; 2 Jahre Speicherplatz&#x2714; E-Mail-Support f\u00fcr kleine Teams und Profis [&hellip;]<\/p>\n","protected":false},"author":3,"featured_media":0,"parent":0,"menu_order":0,"comment_status":"closed","ping_status":"closed","template":"","meta":{"_acf_changed":false,"footnotes":""},"class_list":["post-3687","page","type-page","status-publish","hentry"],"acf":[],"_links":{"self":[{"href":"https:\/\/airocollect.com\/de\/wp-json\/wp\/v2\/pages\/3687","targetHints":{"allow":["GET"]}}],"collection":[{"href":"https:\/\/airocollect.com\/de\/wp-json\/wp\/v2\/pages"}],"about":[{"href":"https:\/\/airocollect.com\/de\/wp-json\/wp\/v2\/types\/page"}],"author":[{"embeddable":true,"href":"https:\/\/airocollect.com\/de\/wp-json\/wp\/v2\/users\/3"}],"replies":[{"embeddable":true,"href":"https:\/\/airocollect.com\/de\/wp-json\/wp\/v2\/comments?post=3687"}],"version-history":[{"count":2,"href":"https:\/\/airocollect.com\/de\/wp-json\/wp\/v2\/pages\/3687\/revisions"}],"predecessor-version":[{"id":4189,"href":"https:\/\/airocollect.com\/de\/wp-json\/wp\/v2\/pages\/3687\/revisions\/4189"}],"wp:attachment":[{"href":"https:\/\/airocollect.com\/de\/wp-json\/wp\/v2\/media?parent=3687"}],"curies":[{"name":"wp","href":"https:\/\/api.w.org\/{rel}","templated":true}]}}