{"id":2626,"date":"2025-12-02T10:22:21","date_gmt":"2025-12-02T10:22:21","guid":{"rendered":"https:\/\/airocollect.com\/le-compte-existe\/"},"modified":"2026-01-14T09:32:16","modified_gmt":"2026-01-14T09:32:16","slug":"le-compte-existe","status":"publish","type":"page","link":"https:\/\/airocollect.com\/fr\/le-compte-existe\/","title":{"rendered":"Le compte existe"},"content":{"rendered":"\t\t<div data-elementor-type=\"wp-page\" data-elementor-id=\"2626\" class=\"elementor elementor-2626 elementor-2588\" data-elementor-post-type=\"page\">\n\t\t\t\t<div class=\"elementor-element elementor-element-4208e11 e-flex e-con-boxed e-con e-parent\" data-id=\"4208e11\" data-element_type=\"container\">\n\t\t\t\t\t<div class=\"e-con-inner\">\n\t\t\t\t<div class=\"elementor-element elementor-element-d50ca2b elementor-widget elementor-widget-heading\" data-id=\"d50ca2b\" data-element_type=\"widget\" data-widget_type=\"heading.default\">\n\t\t\t\t\t<h2 class=\"elementor-heading-title elementor-size-default\">Le compte existe d\u00e9j\u00e0 !<\/h2>\t\t\t\t<\/div>\n\t\t\t\t<div class=\"elementor-element elementor-element-52749ca elementor-widget elementor-widget-text-editor\" data-id=\"52749ca\" data-element_type=\"widget\" data-widget_type=\"text-editor.default\">\n\t\t\t\t\t\t\t\t\t<ul><li style=\"text-align: left;\">Cher utilisateur, nous avons d\u00e9tect\u00e9 que votre compte existe d\u00e9j\u00e0.<\/li><li style=\"text-align: left;\">Veuillez vous connecter en cliquant sur le bouton de connexion ci-dessous.  <br>(Si vous avez oubli\u00e9 votre mot de passe, cliquez sur \u00ab\u00a0oublier le mot de passe\u00a0\u00bb sur la page de connexion).<\/li><li style=\"text-align: left;\"><span style=\"font-style: inherit; font-weight: inherit;\">Si cela ne fonctionne pas, veuillez nous contacter.<\/span><\/li><\/ul>\t\t\t\t\t\t\t\t<\/div>\n\t\t<div class=\"elementor-element elementor-element-55a183a e-con-full e-flex e-con e-child\" data-id=\"55a183a\" data-element_type=\"container\">\n\t\t\t\t<div class=\"elementor-element elementor-element-cf02c79 elementor-widget elementor-widget-button\" data-id=\"cf02c79\" data-element_type=\"widget\" data-widget_type=\"button.default\">\n\t\t\t\t\t\t\t\t\t\t<a class=\"elementor-button elementor-button-link elementor-size-sm\" href=\"https:\/\/collect.airobot.eu\/login\">\n\t\t\t\t\t\t<span class=\"elementor-button-content-wrapper\">\n\t\t\t\t\t\t\t\t\t<span class=\"elementor-button-text\">Connexion<\/span>\n\t\t\t\t\t<\/span>\n\t\t\t\t\t<\/a>\n\t\t\t\t\t\t\t\t<\/div>\n\t\t\t\t<div class=\"elementor-element elementor-element-b4fb165 elementor-widget elementor-widget-button\" data-id=\"b4fb165\" data-element_type=\"widget\" data-widget_type=\"button.default\">\n\t\t\t\t\t\t\t\t\t\t<a class=\"elementor-button elementor-button-link elementor-size-sm\" href=\"https:\/\/airocollect.com\/fr\/contact\/\">\n\t\t\t\t\t\t<span class=\"elementor-button-content-wrapper\">\n\t\t\t\t\t\t\t\t\t<span class=\"elementor-button-text\">Contactez nous<\/span>\n\t\t\t\t\t<\/span>\n\t\t\t\t\t<\/a>\n\t\t\t\t\t\t\t\t<\/div>\n\t\t\t\t<\/div>\n\t\t\t\t\t<\/div>\n\t\t\t\t<\/div>\n\t\t\t\t<\/div>\n\t\t","protected":false},"excerpt":{"rendered":"<p>Le compte existe d\u00e9j\u00e0 ! Cher utilisateur, nous avons d\u00e9tect\u00e9 que votre compte existe d\u00e9j\u00e0. Veuillez vous connecter en cliquant sur le bouton de connexion ci-dessous. (Si vous avez oubli\u00e9 votre mot de passe, cliquez sur \u00ab\u00a0oublier le mot de passe\u00a0\u00bb sur la page de connexion). Si cela ne fonctionne pas, veuillez nous contacter. Connexion [&hellip;]<\/p>\n","protected":false},"author":3,"featured_media":0,"parent":0,"menu_order":0,"comment_status":"closed","ping_status":"closed","template":"","meta":{"_acf_changed":false,"footnotes":""},"class_list":["post-2626","page","type-page","status-publish","hentry"],"acf":[],"_links":{"self":[{"href":"https:\/\/airocollect.com\/fr\/wp-json\/wp\/v2\/pages\/2626","targetHints":{"allow":["GET"]}}],"collection":[{"href":"https:\/\/airocollect.com\/fr\/wp-json\/wp\/v2\/pages"}],"about":[{"href":"https:\/\/airocollect.com\/fr\/wp-json\/wp\/v2\/types\/page"}],"author":[{"embeddable":true,"href":"https:\/\/airocollect.com\/fr\/wp-json\/wp\/v2\/users\/3"}],"replies":[{"embeddable":true,"href":"https:\/\/airocollect.com\/fr\/wp-json\/wp\/v2\/comments?post=2626"}],"version-history":[{"count":6,"href":"https:\/\/airocollect.com\/fr\/wp-json\/wp\/v2\/pages\/2626\/revisions"}],"predecessor-version":[{"id":3701,"href":"https:\/\/airocollect.com\/fr\/wp-json\/wp\/v2\/pages\/2626\/revisions\/3701"}],"wp:attachment":[{"href":"https:\/\/airocollect.com\/fr\/wp-json\/wp\/v2\/media?parent=2626"}],"curies":[{"name":"wp","href":"https:\/\/api.w.org\/{rel}","templated":true}]}}